{"id":2447,"date":"2022-06-29T16:40:58","date_gmt":"2022-06-29T14:40:58","guid":{"rendered":"http:\/\/www.agriturismomonteargentario.it\/zimmer-und-ferienwohnungen\/"},"modified":"2024-02-22T11:09:10","modified_gmt":"2024-02-22T10:09:10","slug":"zimmer-und-ferienwohnungen","status":"publish","type":"page","link":"https:\/\/www.agriturismomonteargentario.it\/de\/zimmer-und-ferienwohnungen\/","title":{"rendered":"Zimmer und Ferienwohnungen"},"content":{"rendered":"\t\t<div data-elementor-type=\"wp-page\" data-elementor-id=\"2447\" class=\"elementor elementor-2447 elementor-364\">\n\t\t\t\t\t\t\t\t\t<section class=\"elementor-section elementor-top-section elementor-element elementor-element-80e1800 elementor-section-boxed elementor-section-height-default elementor-section-height-default\" data-id=\"80e1800\" data-element_type=\"section\" id=\"camere\">\n\t\t\t\t\t\t<div class=\"elementor-container elementor-column-gap-default\">\n\t\t\t\t\t<div class=\"elementor-column elementor-col-100 elementor-top-column elementor-element elementor-element-b3ce938\" data-id=\"b3ce938\" data-element_type=\"column\">\n\t\t\t<div class=\"elementor-widget-wrap elementor-element-populated\">\n\t\t\t\t\t\t\t\t<div class=\"elementor-element elementor-element-75c8188 elementor-widget-divider--view-line elementor-widget elementor-widget-divider\" data-id=\"75c8188\" data-element_type=\"widget\" data-widget_type=\"divider.default\">\n\t\t\t\t<div class=\"elementor-widget-container\">\n\t\t\t<style>\/*! elementor - v3.12.1 - 02-04-2023 *\/\n.elementor-widget-divider{--divider-border-style:none;--divider-border-width:1px;--divider-color:#0c0d0e;--divider-icon-size:20px;--divider-element-spacing:10px;--divider-pattern-height:24px;--divider-pattern-size:20px;--divider-pattern-url:none;--divider-pattern-repeat:repeat-x}.elementor-widget-divider .elementor-divider{display:flex}.elementor-widget-divider .elementor-divider__text{font-size:15px;line-height:1;max-width:95%}.elementor-widget-divider .elementor-divider__element{margin:0 var(--divider-element-spacing);flex-shrink:0}.elementor-widget-divider .elementor-icon{font-size:var(--divider-icon-size)}.elementor-widget-divider .elementor-divider-separator{display:flex;margin:0;direction:ltr}.elementor-widget-divider--view-line_icon .elementor-divider-separator,.elementor-widget-divider--view-line_text .elementor-divider-separator{align-items:center}.elementor-widget-divider--view-line_icon .elementor-divider-separator:after,.elementor-widget-divider--view-line_icon .elementor-divider-separator:before,.elementor-widget-divider--view-line_text .elementor-divider-separator:after,.elementor-widget-divider--view-line_text .elementor-divider-separator:before{display:block;content:\"\";border-bottom:0;flex-grow:1;border-top:var(--divider-border-width) var(--divider-border-style) var(--divider-color)}.elementor-widget-divider--element-align-left .elementor-divider .elementor-divider-separator>.elementor-divider__svg:first-of-type{flex-grow:0;flex-shrink:100}.elementor-widget-divider--element-align-left .elementor-divider-separator:before{content:none}.elementor-widget-divider--element-align-left .elementor-divider__element{margin-left:0}.elementor-widget-divider--element-align-right .elementor-divider .elementor-divider-separator>.elementor-divider__svg:last-of-type{flex-grow:0;flex-shrink:100}.elementor-widget-divider--element-align-right .elementor-divider-separator:after{content:none}.elementor-widget-divider--element-align-right .elementor-divider__element{margin-right:0}.elementor-widget-divider:not(.elementor-widget-divider--view-line_text):not(.elementor-widget-divider--view-line_icon) .elementor-divider-separator{border-top:var(--divider-border-width) var(--divider-border-style) var(--divider-color)}.elementor-widget-divider--separator-type-pattern{--divider-border-style:none}.elementor-widget-divider--separator-type-pattern.elementor-widget-divider--view-line .elementor-divider-separator,.elementor-widget-divider--separator-type-pattern:not(.elementor-widget-divider--view-line) .elementor-divider-separator:after,.elementor-widget-divider--separator-type-pattern:not(.elementor-widget-divider--view-line) .elementor-divider-separator:before,.elementor-widget-divider--separator-type-pattern:not([class*=elementor-widget-divider--view]) .elementor-divider-separator{width:100%;min-height:var(--divider-pattern-height);-webkit-mask-size:var(--divider-pattern-size) 100%;mask-size:var(--divider-pattern-size) 100%;-webkit-mask-repeat:var(--divider-pattern-repeat);mask-repeat:var(--divider-pattern-repeat);background-color:var(--divider-color);-webkit-mask-image:var(--divider-pattern-url);mask-image:var(--divider-pattern-url)}.elementor-widget-divider--no-spacing{--divider-pattern-size:auto}.elementor-widget-divider--bg-round{--divider-pattern-repeat:round}.rtl .elementor-widget-divider .elementor-divider__text{direction:rtl}.e-con-inner>.elementor-widget-divider,.e-con>.elementor-widget-divider{width:var(--container-widget-width,100%);--flex-grow:var(--container-widget-flex-grow)}<\/style>\t\t<div class=\"elementor-divider\">\n\t\t\t<span class=\"elementor-divider-separator\">\n\t\t\t\t\t\t<\/span>\n\t\t<\/div>\n\t\t\t\t<\/div>\n\t\t\t\t<\/div>\n\t\t\t\t<div class=\"elementor-element elementor-element-230a53c elementor-widget elementor-widget-heading\" data-id=\"230a53c\" data-element_type=\"widget\" data-widget_type=\"heading.default\">\n\t\t\t\t<div class=\"elementor-widget-container\">\n\t\t\t<style>\/*! elementor - v3.12.1 - 02-04-2023 *\/\n.elementor-heading-title{padding:0;margin:0;line-height:1}.elementor-widget-heading .elementor-heading-title[class*=elementor-size-]>a{color:inherit;font-size:inherit;line-height:inherit}.elementor-widget-heading .elementor-heading-title.elementor-size-small{font-size:15px}.elementor-widget-heading .elementor-heading-title.elementor-size-medium{font-size:19px}.elementor-widget-heading .elementor-heading-title.elementor-size-large{font-size:29px}.elementor-widget-heading .elementor-heading-title.elementor-size-xl{font-size:39px}.elementor-widget-heading .elementor-heading-title.elementor-size-xxl{font-size:59px}<\/style><h2 class=\"elementor-heading-title elementor-size-default\">Zimmer<\/h2>\t\t<\/div>\n\t\t\t\t<\/div>\n\t\t\t\t\t<\/div>\n\t\t<\/div>\n\t\t\t\t\t\t\t<\/div>\n\t\t<\/section>\n\t\t\t\t<section class=\"elementor-section elementor-top-section elementor-element elementor-element-0e90efa elementor-section-boxed elementor-section-height-default elementor-section-height-default\" data-id=\"0e90efa\" data-element_type=\"section\">\n\t\t\t\t\t\t<div class=\"elementor-container elementor-column-gap-default\">\n\t\t\t\t\t<div class=\"elementor-column elementor-col-50 elementor-top-column elementor-element elementor-element-3aa8483\" data-id=\"3aa8483\" data-element_type=\"column\">\n\t\t\t<div class=\"elementor-widget-wrap elementor-element-populated\">\n\t\t\t\t\t\t\t\t<div class=\"elementor-element elementor-element-3ad26a9 elementor-widget elementor-widget-image\" data-id=\"3ad26a9\" data-element_type=\"widget\" data-widget_type=\"image.default\">\n\t\t\t\t<div class=\"elementor-widget-container\">\n\t\t\t<style>\/*! elementor - v3.12.1 - 02-04-2023 *\/\n.elementor-widget-image{text-align:center}.elementor-widget-image a{display:inline-block}.elementor-widget-image a img[src$=\".svg\"]{width:48px}.elementor-widget-image img{vertical-align:middle;display:inline-block}<\/style>\t\t\t\t\t\t\t\t\t\t\t\t\t<a href=\"https:\/\/www.agriturismomonteargentario.it\/de\/zimmer-und-ferienwohnungen\/standard-zimmer\/\">\n\t\t\t\t\t\t\t<img decoding=\"async\" width=\"1024\" height=\"683\" src=\"https:\/\/www.agriturismomonteargentario.it\/wp-content\/uploads\/2022\/07\/Agriturismo-Monte-Argentario-Camere-4-1024x683.jpg\" class=\"elementor-animation-float attachment-large size-large wp-image-1268\" alt=\"\" srcset=\"https:\/\/www.agriturismomonteargentario.it\/wp-content\/uploads\/2022\/07\/Agriturismo-Monte-Argentario-Camere-4-1024x683.jpg 1024w, https:\/\/www.agriturismomonteargentario.it\/wp-content\/uploads\/2022\/07\/Agriturismo-Monte-Argentario-Camere-4-300x200.jpg 300w, https:\/\/www.agriturismomonteargentario.it\/wp-content\/uploads\/2022\/07\/Agriturismo-Monte-Argentario-Camere-4-768x512.jpg 768w, https:\/\/www.agriturismomonteargentario.it\/wp-content\/uploads\/2022\/07\/Agriturismo-Monte-Argentario-Camere-4-1536x1024.jpg 1536w, https:\/\/www.agriturismomonteargentario.it\/wp-content\/uploads\/2022\/07\/Agriturismo-Monte-Argentario-Camere-4.jpg 1920w\" sizes=\"(max-width: 1024px) 100vw, 1024px\" \/>\t\t\t\t\t\t\t\t<\/a>\n\t\t\t\t\t\t\t\t\t\t\t\t\t\t\t<\/div>\n\t\t\t\t<\/div>\n\t\t\t\t<div class=\"elementor-element elementor-element-22ab655 titolo-hover elementor-widget elementor-widget-heading\" data-id=\"22ab655\" data-element_type=\"widget\" data-widget_type=\"heading.default\">\n\t\t\t\t<div class=\"elementor-widget-container\">\n\t\t\t<h3 class=\"elementor-heading-title elementor-size-default\"><a href=\"https:\/\/www.agriturismomonteargentario.it\/de\/zimmer-und-ferienwohnungen\/standard-zimmer\/\">Standard-Zimmer<\/a><\/h3>\t\t<\/div>\n\t\t\t\t<\/div>\n\t\t\t\t<div class=\"elementor-element elementor-element-8bfac79 elementor-align-center elementor-widget elementor-widget-button\" data-id=\"8bfac79\" data-element_type=\"widget\" data-widget_type=\"button.default\">\n\t\t\t\t<div class=\"elementor-widget-container\">\n\t\t\t\t\t<div class=\"elementor-button-wrapper\">\n\t\t\t<a href=\"https:\/\/www.secure-reservation.cloud\/booking-engine\/?portal=monteargentario-grosseto&#038;lang=de\" target=\"_blank\" class=\"elementor-button-link elementor-button elementor-size-sm\" role=\"button\">\n\t\t\t\t\t\t<span class=\"elementor-button-content-wrapper\">\n\t\t\t\t\t\t<span class=\"elementor-button-text\">Verf\u00fcgbarkeit Pr\u00fcfen<\/span>\n\t\t<\/span>\n\t\t\t\t\t<\/a>\n\t\t<\/div>\n\t\t\t\t<\/div>\n\t\t\t\t<\/div>\n\t\t\t\t\t<\/div>\n\t\t<\/div>\n\t\t\t\t<div class=\"elementor-column elementor-col-50 elementor-top-column elementor-element elementor-element-5c99a11\" data-id=\"5c99a11\" data-element_type=\"column\">\n\t\t\t<div class=\"elementor-widget-wrap elementor-element-populated\">\n\t\t\t\t\t\t\t\t<div class=\"elementor-element elementor-element-55f4450 elementor-widget elementor-widget-image\" data-id=\"55f4450\" data-element_type=\"widget\" data-widget_type=\"image.default\">\n\t\t\t\t<div class=\"elementor-widget-container\">\n\t\t\t\t\t\t\t\t\t\t\t\t\t\t\t\t<a href=\"https:\/\/www.agriturismomonteargentario.it\/de\/zimmer-und-ferienwohnungen\/superior-zimmer\/\">\n\t\t\t\t\t\t\t<img decoding=\"async\" width=\"1024\" height=\"683\" src=\"https:\/\/www.agriturismomonteargentario.it\/wp-content\/uploads\/2022\/07\/Agriturismo-Monte-Argentario-Camere-44-1024x683.jpg\" class=\"elementor-animation-float attachment-large size-large wp-image-1308\" alt=\"\" srcset=\"https:\/\/www.agriturismomonteargentario.it\/wp-content\/uploads\/2022\/07\/Agriturismo-Monte-Argentario-Camere-44-1024x683.jpg 1024w, https:\/\/www.agriturismomonteargentario.it\/wp-content\/uploads\/2022\/07\/Agriturismo-Monte-Argentario-Camere-44-300x200.jpg 300w, https:\/\/www.agriturismomonteargentario.it\/wp-content\/uploads\/2022\/07\/Agriturismo-Monte-Argentario-Camere-44-768x512.jpg 768w, https:\/\/www.agriturismomonteargentario.it\/wp-content\/uploads\/2022\/07\/Agriturismo-Monte-Argentario-Camere-44-1536x1024.jpg 1536w, https:\/\/www.agriturismomonteargentario.it\/wp-content\/uploads\/2022\/07\/Agriturismo-Monte-Argentario-Camere-44.jpg 1920w\" sizes=\"(max-width: 1024px) 100vw, 1024px\" \/>\t\t\t\t\t\t\t\t<\/a>\n\t\t\t\t\t\t\t\t\t\t\t\t\t\t\t<\/div>\n\t\t\t\t<\/div>\n\t\t\t\t<div class=\"elementor-element elementor-element-1973582 titolo-hover elementor-widget elementor-widget-heading\" data-id=\"1973582\" data-element_type=\"widget\" data-widget_type=\"heading.default\">\n\t\t\t\t<div class=\"elementor-widget-container\">\n\t\t\t<h3 class=\"elementor-heading-title elementor-size-default\"><a href=\"https:\/\/www.agriturismomonteargentario.it\/de\/zimmer-und-ferienwohnungen\/superior-zimmer\/\">Superior-Zimmer<\/a><\/h3>\t\t<\/div>\n\t\t\t\t<\/div>\n\t\t\t\t<div class=\"elementor-element elementor-element-7002467 elementor-align-center elementor-widget elementor-widget-button\" data-id=\"7002467\" data-element_type=\"widget\" data-widget_type=\"button.default\">\n\t\t\t\t<div class=\"elementor-widget-container\">\n\t\t\t\t\t<div class=\"elementor-button-wrapper\">\n\t\t\t<a href=\"https:\/\/www.secure-reservation.cloud\/booking-engine\/?portal=monteargentario-grosseto&#038;lang=de\" target=\"_blank\" class=\"elementor-button-link elementor-button elementor-size-sm\" role=\"button\">\n\t\t\t\t\t\t<span class=\"elementor-button-content-wrapper\">\n\t\t\t\t\t\t<span class=\"elementor-button-text\">Verf\u00fcgbarkeit Pr\u00fcfen<\/span>\n\t\t<\/span>\n\t\t\t\t\t<\/a>\n\t\t<\/div>\n\t\t\t\t<\/div>\n\t\t\t\t<\/div>\n\t\t\t\t\t<\/div>\n\t\t<\/div>\n\t\t\t\t\t\t\t<\/div>\n\t\t<\/section>\n\t\t\t\t<section class=\"elementor-section elementor-top-section elementor-element elementor-element-f7d55fe elementor-section-boxed elementor-section-height-default elementor-section-height-default\" data-id=\"f7d55fe\" data-element_type=\"section\" id=\"appartamenti\">\n\t\t\t\t\t\t<div class=\"elementor-container elementor-column-gap-default\">\n\t\t\t\t\t<div class=\"elementor-column elementor-col-100 elementor-top-column elementor-element elementor-element-34a90da\" data-id=\"34a90da\" data-element_type=\"column\">\n\t\t\t<div class=\"elementor-widget-wrap elementor-element-populated\">\n\t\t\t\t\t\t\t\t<div class=\"elementor-element elementor-element-9c7bcab elementor-widget-divider--view-line elementor-widget elementor-widget-divider\" data-id=\"9c7bcab\" data-element_type=\"widget\" data-widget_type=\"divider.default\">\n\t\t\t\t<div class=\"elementor-widget-container\">\n\t\t\t\t\t<div class=\"elementor-divider\">\n\t\t\t<span class=\"elementor-divider-separator\">\n\t\t\t\t\t\t<\/span>\n\t\t<\/div>\n\t\t\t\t<\/div>\n\t\t\t\t<\/div>\n\t\t\t\t<div class=\"elementor-element elementor-element-e5b0049 elementor-widget elementor-widget-heading\" data-id=\"e5b0049\" data-element_type=\"widget\" data-widget_type=\"heading.default\">\n\t\t\t\t<div class=\"elementor-widget-container\">\n\t\t\t<h2 class=\"elementor-heading-title elementor-size-default\">Ferienwohnungen<\/h2>\t\t<\/div>\n\t\t\t\t<\/div>\n\t\t\t\t\t<\/div>\n\t\t<\/div>\n\t\t\t\t\t\t\t<\/div>\n\t\t<\/section>\n\t\t\t\t<section class=\"elementor-section elementor-top-section elementor-element elementor-element-846d0e3 ct-section-stretched elementor-section-boxed elementor-section-height-default elementor-section-height-default\" data-id=\"846d0e3\" data-element_type=\"section\">\n\t\t\t\t\t\t<div class=\"elementor-container elementor-column-gap-default\">\n\t\t\t\t\t<div class=\"elementor-column elementor-col-33 elementor-top-column elementor-element elementor-element-706dfbc\" data-id=\"706dfbc\" data-element_type=\"column\">\n\t\t\t<div class=\"elementor-widget-wrap elementor-element-populated\">\n\t\t\t\t\t\t\t\t<div class=\"elementor-element elementor-element-91e77e2 elementor-widget elementor-widget-image\" data-id=\"91e77e2\" data-element_type=\"widget\" data-widget_type=\"image.default\">\n\t\t\t\t<div class=\"elementor-widget-container\">\n\t\t\t\t\t\t\t\t\t\t\t\t\t\t\t\t<a href=\"https:\/\/www.agriturismomonteargentario.it\/de\/zimmer-und-ferienwohnungen\/2-zimmer-fewo\/\">\n\t\t\t\t\t\t\t<img decoding=\"async\" width=\"1024\" height=\"683\" src=\"https:\/\/www.agriturismomonteargentario.it\/wp-content\/uploads\/2022\/07\/Agriturismo-Monte-Argentario-Camere-32-1024x683.jpg\" class=\"elementor-animation-float attachment-large size-large wp-image-1296\" alt=\"\" srcset=\"https:\/\/www.agriturismomonteargentario.it\/wp-content\/uploads\/2022\/07\/Agriturismo-Monte-Argentario-Camere-32-1024x683.jpg 1024w, https:\/\/www.agriturismomonteargentario.it\/wp-content\/uploads\/2022\/07\/Agriturismo-Monte-Argentario-Camere-32-300x200.jpg 300w, https:\/\/www.agriturismomonteargentario.it\/wp-content\/uploads\/2022\/07\/Agriturismo-Monte-Argentario-Camere-32-768x512.jpg 768w, https:\/\/www.agriturismomonteargentario.it\/wp-content\/uploads\/2022\/07\/Agriturismo-Monte-Argentario-Camere-32-1536x1024.jpg 1536w, https:\/\/www.agriturismomonteargentario.it\/wp-content\/uploads\/2022\/07\/Agriturismo-Monte-Argentario-Camere-32.jpg 1920w\" sizes=\"(max-width: 1024px) 100vw, 1024px\" \/>\t\t\t\t\t\t\t\t<\/a>\n\t\t\t\t\t\t\t\t\t\t\t\t\t\t\t<\/div>\n\t\t\t\t<\/div>\n\t\t\t\t<div class=\"elementor-element elementor-element-45e8414 titolo-hover elementor-widget elementor-widget-heading\" data-id=\"45e8414\" data-element_type=\"widget\" data-widget_type=\"heading.default\">\n\t\t\t\t<div class=\"elementor-widget-container\">\n\t\t\t<h3 class=\"elementor-heading-title elementor-size-default\"><a href=\"https:\/\/www.agriturismomonteargentario.it\/de\/zimmer-und-ferienwohnungen\/2-zimmer-fewo\/\">2-Zimmer-Fewo<\/a><\/h3>\t\t<\/div>\n\t\t\t\t<\/div>\n\t\t\t\t<div class=\"elementor-element elementor-element-9edb169 elementor-align-center elementor-widget elementor-widget-button\" data-id=\"9edb169\" data-element_type=\"widget\" data-widget_type=\"button.default\">\n\t\t\t\t<div class=\"elementor-widget-container\">\n\t\t\t\t\t<div class=\"elementor-button-wrapper\">\n\t\t\t<a href=\"https:\/\/www.secure-reservation.cloud\/booking-engine\/?portal=monteargentario-grosseto&#038;lang=de\" target=\"_blank\" class=\"elementor-button-link elementor-button elementor-size-sm\" role=\"button\">\n\t\t\t\t\t\t<span class=\"elementor-button-content-wrapper\">\n\t\t\t\t\t\t<span class=\"elementor-button-text\">Verf\u00fcgbarkeit Pr\u00fcfen<\/span>\n\t\t<\/span>\n\t\t\t\t\t<\/a>\n\t\t<\/div>\n\t\t\t\t<\/div>\n\t\t\t\t<\/div>\n\t\t\t\t\t<\/div>\n\t\t<\/div>\n\t\t\t\t<div class=\"elementor-column elementor-col-33 elementor-top-column elementor-element elementor-element-80bec07\" data-id=\"80bec07\" data-element_type=\"column\">\n\t\t\t<div class=\"elementor-widget-wrap elementor-element-populated\">\n\t\t\t\t\t\t\t\t<div class=\"elementor-element elementor-element-9aef992 elementor-widget elementor-widget-image\" data-id=\"9aef992\" data-element_type=\"widget\" data-widget_type=\"image.default\">\n\t\t\t\t<div class=\"elementor-widget-container\">\n\t\t\t\t\t\t\t\t\t\t\t\t\t\t\t\t<a href=\"https:\/\/www.agriturismomonteargentario.it\/de\/zimmer-und-ferienwohnungen\/3-zimmer-fewo\/\">\n\t\t\t\t\t\t\t<img decoding=\"async\" width=\"1024\" height=\"683\" src=\"https:\/\/www.agriturismomonteargentario.it\/wp-content\/uploads\/2022\/07\/Agriturismo-Monte-Argentario-Camere-76-1024x683.jpg\" class=\"elementor-animation-float attachment-large size-large wp-image-1340\" alt=\"\" srcset=\"https:\/\/www.agriturismomonteargentario.it\/wp-content\/uploads\/2022\/07\/Agriturismo-Monte-Argentario-Camere-76-1024x683.jpg 1024w, https:\/\/www.agriturismomonteargentario.it\/wp-content\/uploads\/2022\/07\/Agriturismo-Monte-Argentario-Camere-76-300x200.jpg 300w, https:\/\/www.agriturismomonteargentario.it\/wp-content\/uploads\/2022\/07\/Agriturismo-Monte-Argentario-Camere-76-768x512.jpg 768w, https:\/\/www.agriturismomonteargentario.it\/wp-content\/uploads\/2022\/07\/Agriturismo-Monte-Argentario-Camere-76-1536x1024.jpg 1536w, https:\/\/www.agriturismomonteargentario.it\/wp-content\/uploads\/2022\/07\/Agriturismo-Monte-Argentario-Camere-76.jpg 1920w\" sizes=\"(max-width: 1024px) 100vw, 1024px\" \/>\t\t\t\t\t\t\t\t<\/a>\n\t\t\t\t\t\t\t\t\t\t\t\t\t\t\t<\/div>\n\t\t\t\t<\/div>\n\t\t\t\t<div class=\"elementor-element elementor-element-cf3365a titolo-hover elementor-widget elementor-widget-heading\" data-id=\"cf3365a\" data-element_type=\"widget\" data-widget_type=\"heading.default\">\n\t\t\t\t<div class=\"elementor-widget-container\">\n\t\t\t<h3 class=\"elementor-heading-title elementor-size-default\"><a href=\"https:\/\/www.agriturismomonteargentario.it\/de\/zimmer-und-ferienwohnungen\/3-zimmer-fewo\/\">3-Zimmer-Fewo<\/a><\/h3>\t\t<\/div>\n\t\t\t\t<\/div>\n\t\t\t\t<div class=\"elementor-element elementor-element-fc8f755 elementor-align-center elementor-widget elementor-widget-button\" data-id=\"fc8f755\" data-element_type=\"widget\" data-widget_type=\"button.default\">\n\t\t\t\t<div class=\"elementor-widget-container\">\n\t\t\t\t\t<div class=\"elementor-button-wrapper\">\n\t\t\t<a href=\"https:\/\/www.secure-reservation.cloud\/booking-engine\/?portal=monteargentario-grosseto&#038;lang=de\" target=\"_blank\" class=\"elementor-button-link elementor-button elementor-size-sm\" role=\"button\">\n\t\t\t\t\t\t<span class=\"elementor-button-content-wrapper\">\n\t\t\t\t\t\t<span class=\"elementor-button-text\">Verf\u00fcgbarkeit Pr\u00fcfen<\/span>\n\t\t<\/span>\n\t\t\t\t\t<\/a>\n\t\t<\/div>\n\t\t\t\t<\/div>\n\t\t\t\t<\/div>\n\t\t\t\t\t<\/div>\n\t\t<\/div>\n\t\t\t\t<div class=\"elementor-column elementor-col-33 elementor-top-column elementor-element elementor-element-336dacd\" data-id=\"336dacd\" data-element_type=\"column\">\n\t\t\t<div class=\"elementor-widget-wrap elementor-element-populated\">\n\t\t\t\t\t\t\t\t<div class=\"elementor-element elementor-element-aca4102 elementor-widget elementor-widget-image\" data-id=\"aca4102\" data-element_type=\"widget\" data-widget_type=\"image.default\">\n\t\t\t\t<div class=\"elementor-widget-container\">\n\t\t\t\t\t\t\t\t\t\t\t\t\t\t\t\t<a href=\"https:\/\/www.agriturismomonteargentario.it\/de\/zimmer-und-ferienwohnungen\/4-zimmer-fewo\/\">\n\t\t\t\t\t\t\t<img decoding=\"async\" width=\"1024\" height=\"683\" src=\"https:\/\/www.agriturismomonteargentario.it\/wp-content\/uploads\/2022\/07\/quadrilocale_agriturismo_monte_argentario-10-1024x683.jpg\" class=\"elementor-animation-float attachment-large size-large wp-image-1829\" alt=\"\" srcset=\"https:\/\/www.agriturismomonteargentario.it\/wp-content\/uploads\/2022\/07\/quadrilocale_agriturismo_monte_argentario-10-1024x683.jpg 1024w, https:\/\/www.agriturismomonteargentario.it\/wp-content\/uploads\/2022\/07\/quadrilocale_agriturismo_monte_argentario-10-300x200.jpg 300w, https:\/\/www.agriturismomonteargentario.it\/wp-content\/uploads\/2022\/07\/quadrilocale_agriturismo_monte_argentario-10-768x512.jpg 768w, https:\/\/www.agriturismomonteargentario.it\/wp-content\/uploads\/2022\/07\/quadrilocale_agriturismo_monte_argentario-10-1536x1024.jpg 1536w, https:\/\/www.agriturismomonteargentario.it\/wp-content\/uploads\/2022\/07\/quadrilocale_agriturismo_monte_argentario-10.jpg 1920w\" sizes=\"(max-width: 1024px) 100vw, 1024px\" \/>\t\t\t\t\t\t\t\t<\/a>\n\t\t\t\t\t\t\t\t\t\t\t\t\t\t\t<\/div>\n\t\t\t\t<\/div>\n\t\t\t\t<div class=\"elementor-element elementor-element-f4bbf0d titolo-hover elementor-widget elementor-widget-heading\" data-id=\"f4bbf0d\" data-element_type=\"widget\" data-widget_type=\"heading.default\">\n\t\t\t\t<div class=\"elementor-widget-container\">\n\t\t\t<h3 class=\"elementor-heading-title elementor-size-default\"><a href=\"https:\/\/www.agriturismomonteargentario.it\/de\/zimmer-und-ferienwohnungen\/4-zimmer-fewo\/\">4-Zimmer-Fewo<\/a><\/h3>\t\t<\/div>\n\t\t\t\t<\/div>\n\t\t\t\t<div class=\"elementor-element elementor-element-baccedc elementor-align-center elementor-widget elementor-widget-button\" data-id=\"baccedc\" data-element_type=\"widget\" data-widget_type=\"button.default\">\n\t\t\t\t<div class=\"elementor-widget-container\">\n\t\t\t\t\t<div class=\"elementor-button-wrapper\">\n\t\t\t<a href=\"https:\/\/www.secure-reservation.cloud\/booking-engine\/?portal=monteargentario-grosseto&#038;lang=de\" target=\"_blank\" class=\"elementor-button-link elementor-button elementor-size-sm\" role=\"button\">\n\t\t\t\t\t\t<span class=\"elementor-button-content-wrapper\">\n\t\t\t\t\t\t<span class=\"elementor-button-text\">Verf\u00fcgbarkeit Pr\u00fcfen<\/span>\n\t\t<\/span>\n\t\t\t\t\t<\/a>\n\t\t<\/div>\n\t\t\t\t<\/div>\n\t\t\t\t<\/div>\n\t\t\t\t\t<\/div>\n\t\t<\/div>\n\t\t\t\t\t\t\t<\/div>\n\t\t<\/section>\n\t\t\t\t<section class=\"elementor-section elementor-top-section elementor-element elementor-element-a0acbf7 elementor-section-boxed elementor-section-height-default elementor-section-height-default\" data-id=\"a0acbf7\" data-element_type=\"section\">\n\t\t\t\t\t\t<div class=\"elementor-container elementor-column-gap-default\">\n\t\t\t\t\t<div class=\"elementor-column elementor-col-100 elementor-top-column elementor-element elementor-element-9347153\" data-id=\"9347153\" data-element_type=\"column\">\n\t\t\t<div class=\"elementor-widget-wrap elementor-element-populated\">\n\t\t\t\t\t\t\t\t<div class=\"elementor-element elementor-element-227f502 elementor-widget elementor-widget-text-editor\" data-id=\"227f502\" data-element_type=\"widget\" data-widget_type=\"text-editor.default\">\n\t\t\t\t<div class=\"elementor-widget-container\">\n\t\t\t<style>\/*! elementor - v3.12.1 - 02-04-2023 *\/\n.elementor-widget-text-editor.elementor-drop-cap-view-stacked .elementor-drop-cap{background-color:#69727d;color:#fff}.elementor-widget-text-editor.elementor-drop-cap-view-framed .elementor-drop-cap{color:#69727d;border:3px solid;background-color:transparent}.elementor-widget-text-editor:not(.elementor-drop-cap-view-default) .elementor-drop-cap{margin-top:8px}.elementor-widget-text-editor:not(.elementor-drop-cap-view-default) .elementor-drop-cap-letter{width:1em;height:1em}.elementor-widget-text-editor .elementor-drop-cap{float:left;text-align:center;line-height:1;font-size:50px}.elementor-widget-text-editor .elementor-drop-cap-letter{display:inline-block}<\/style>\t\t\t\t<p>Erwartete <strong>Kurtaxe von 2,00 \u20ac<\/strong> pro Person pro Tag f\u00fcr maximal 7 Tage, Kinder unter 14 Jahren sind befreit, zahlbar in bar bei Ankunft.<\/p>\t\t\t\t\t\t<\/div>\n\t\t\t\t<\/div>\n\t\t\t\t\t<\/div>\n\t\t<\/div>\n\t\t\t\t\t\t\t<\/div>\n\t\t<\/section>\n\t\t\t\t\t\t\t<\/div>\n\t\t","protected":false},"excerpt":{"rendered":"<p>Zimmer Standard-Zimmer Verf\u00fcgbarkeit Pr\u00fcfen Superior-Zimmer Verf\u00fcgbarkeit Pr\u00fcfen Ferienwohnungen 2-Zimmer-Fewo Verf\u00fcgbarkeit Pr\u00fcfen 3-Zimmer-Fewo Verf\u00fcgbarkeit Pr\u00fcfen 4-Zimmer-Fewo Verf\u00fcgbarkeit Pr\u00fcfen Erwartete Kurtaxe von 2,00 \u20ac pro Person pro Tag f\u00fcr maximal 7 Tage, Kinder unter 14 Jahren sind befreit, zahlbar in bar bei Ankunft.<\/p>\n","protected":false},"author":1,"featured_media":0,"parent":0,"menu_order":0,"comment_status":"closed","ping_status":"closed","template":"","meta":{"footnotes":""},"class_list":["post-2447","page","type-page","status-publish","hentry"],"blocksy_meta":{"styles_descriptor":{"styles":{"desktop":"","tablet":"","mobile":""},"google_fonts":[],"version":5}},"_links":{"self":[{"href":"https:\/\/www.agriturismomonteargentario.it\/de\/wp-json\/wp\/v2\/pages\/2447","targetHints":{"allow":["GET"]}}],"collection":[{"href":"https:\/\/www.agriturismomonteargentario.it\/de\/wp-json\/wp\/v2\/pages"}],"about":[{"href":"https:\/\/www.agriturismomonteargentario.it\/de\/wp-json\/wp\/v2\/types\/page"}],"author":[{"embeddable":true,"href":"https:\/\/www.agriturismomonteargentario.it\/de\/wp-json\/wp\/v2\/users\/1"}],"replies":[{"embeddable":true,"href":"https:\/\/www.agriturismomonteargentario.it\/de\/wp-json\/wp\/v2\/comments?post=2447"}],"version-history":[{"count":14,"href":"https:\/\/www.agriturismomonteargentario.it\/de\/wp-json\/wp\/v2\/pages\/2447\/revisions"}],"predecessor-version":[{"id":3003,"href":"https:\/\/www.agriturismomonteargentario.it\/de\/wp-json\/wp\/v2\/pages\/2447\/revisions\/3003"}],"wp:attachment":[{"href":"https:\/\/www.agriturismomonteargentario.it\/de\/wp-json\/wp\/v2\/media?parent=2447"}],"curies":[{"name":"wp","href":"https:\/\/api.w.org\/{rel}","templated":true}]}}